{"id":2110,"date":"2022-04-11T18:30:42","date_gmt":"2022-04-11T18:30:42","guid":{"rendered":"https:\/\/artsterstudios.com\/?post_type=product&#038;p=2110"},"modified":"2022-10-21T07:47:20","modified_gmt":"2022-10-21T07:47:20","slug":"artster-poster-virrvarr-svart","status":"publish","type":"product","link":"https:\/\/artsterstudios.com\/en\/product\/artster-poster-virrvarr-svart\/","title":{"rendered":"Artster Poster, Virrvarr svart"},"content":{"rendered":"<p><span style=\"font-weight: 400;\">Artster Poster, Virrvarr svart ett <\/span><span style=\"font-weight: 400;\">\u00e4r ett motiv\u00a0 exklusivt till Artster printat p\u00e5 Hahnem\u00fchle\u00a0 papper med sl\u00e4t matt yta och vit bas som ger god f\u00e4rg\u00e5tergivning.<\/span><\/p>\n<p><span style=\"font-weight: 400;\">Printed on a high quality paper from Hahnem\u00fchle.<\/span><\/p>\n<p>Reproducerat grafiskt verk av en abstrakt akrylm\u00e5lning.<\/p>\n<p>\u00c4r tillg\u00e4nglig i formaten 21 x 30 cm, 30 x 40 cm 40 x 50 cm och 50 x 70 cm.<\/p>","protected":false},"excerpt":{"rendered":"<p>Artster Poster, Virrvarr svart ett \u00e4r ett motiv\u00a0 exklusivt till Artster printat p\u00e5 Hahnem\u00fchle\u00a0 papper med sl\u00e4t matt yta och vit bas som ger god f\u00e4rg\u00e5tergivning. Printad p\u00e5 210 g matt papper med h\u00f6g kvalit\u00e9 bl\u00e4ck. Reproducerat grafiskt verk av en abstrakt akrylm\u00e5lning. \u00c4r tillg\u00e4nglig i formaten 21 x 30 cm, 30 x 40 cm&#8230;<\/p>","protected":false},"featured_media":2116,"comment_status":"open","ping_status":"closed","template":"","meta":{"_kad_post_transparent":"default","_kad_post_title":"","_kad_post_layout":"default","_kad_post_sidebar_id":"","_kad_post_content_style":"default","_kad_post_vertical_padding":"default","_kad_post_feature":"","_kad_post_feature_position":"","_kad_post_header":false,"_kad_post_footer":false,"_kad_post_classname":""},"product_cat":[46,42],"product_tag":[57,52],"class_list":["post-2110","product","type-product","status-publish","has-post-thumbnail","hentry","product_cat-giclee","product_cat-posters","product_tag-abstrakt","product_tag-grafisk","entry","content-bg","loop-entry"],"yoast_head":"<!-- This site is optimized with the Yoast SEO plugin v20.6 - https:\/\/yoast.com\/wordpress\/plugins\/seo\/ -->\n<title>Artster Poster, Virrvarr svart - Artster<\/title>\n<meta name=\"description\" content=\"Artster Poster, Virrvarr svart ett \u00e4r ett motiv\u00a0 exklusivt till Artster printat p\u00e5 Hahnem\u00fchle\u00a0 papper med sl\u00e4t matt yta och vit bas som ger god f\u00e4rg\u00e5tergivning. Printad p\u00e5 210 g matt papper med h\u00f6g kvalit\u00e9 bl\u00e4ck.Reproducerat grafiskt verk av en abstrakt akrylm\u00e5lning. \u00c4r tillg\u00e4nglig i formaten 21 x 30 cm, 30 x 40 cm 40 x 50 cm och 50 x 70 cm.\" \/>\n<meta name=\"robots\" content=\"index, follow, max-snippet:-1, max-image-preview:large, max-video-preview:-1\" \/>\n<link rel=\"canonical\" href=\"https:\/\/artsterstudios.com\/en\/product\/artster-poster-virrvarr-svart\/\" \/>\n<meta property=\"og:locale\" content=\"en_GB\" \/>\n<meta property=\"og:type\" content=\"article\" \/>\n<meta property=\"og:title\" content=\"Artster Poster, Virrvarr svart - Artster\" \/>\n<meta property=\"og:description\" content=\"Artster Poster, Virrvarr svart ett \u00e4r ett motiv\u00a0 exklusivt till Artster printat p\u00e5 Hahnem\u00fchle\u00a0 papper med sl\u00e4t matt yta och vit bas som ger god f\u00e4rg\u00e5tergivning. Printad p\u00e5 210 g matt papper med h\u00f6g kvalit\u00e9 bl\u00e4ck.Reproducerat grafiskt verk av en abstrakt akrylm\u00e5lning. \u00c4r tillg\u00e4nglig i formaten 21 x 30 cm, 30 x 40 cm 40 x 50 cm och 50 x 70 cm.\" \/>\n<meta property=\"og:url\" content=\"https:\/\/artsterstudios.com\/en\/product\/artster-poster-virrvarr-svart\/\" \/>\n<meta property=\"og:site_name\" content=\"Artster\" \/>\n<meta property=\"article:modified_time\" content=\"2022-10-21T07:47:20+00:00\" \/>\n<meta property=\"og:image\" content=\"https:\/\/artsterstudios.com\/wp-content\/uploads\/2022\/04\/RAM.png\" \/>\n\t<meta property=\"og:image:width\" content=\"1417\" \/>\n\t<meta property=\"og:image:height\" content=\"1984\" \/>\n\t<meta property=\"og:image:type\" content=\"image\/png\" \/>\n<meta name=\"twitter:card\" content=\"summary_large_image\" \/>\n<meta name=\"twitter:label1\" content=\"Estimated reading time\" \/>\n\t<meta name=\"twitter:data1\" content=\"1 minute\" \/>\n<script type=\"application\/ld+json\" class=\"yoast-schema-graph\">{\"@context\":\"https:\/\/schema.org\",\"@graph\":[{\"@type\":\"WebPage\",\"@id\":\"https:\/\/artsterstudios.com\/product\/artster-poster-virrvarr-svart\/\",\"url\":\"https:\/\/artsterstudios.com\/product\/artster-poster-virrvarr-svart\/\",\"name\":\"Artster Poster, Virrvarr svart - Artster\",\"isPartOf\":{\"@id\":\"https:\/\/artsterstudios.com\/#website\"},\"datePublished\":\"2022-04-11T18:30:42+00:00\",\"dateModified\":\"2022-10-21T07:47:20+00:00\",\"description\":\"Artster Poster, Virrvarr svart ett \u00e4r ett motiv\u00a0 exklusivt till Artster printat p\u00e5 Hahnem\u00fchle\u00a0 papper med sl\u00e4t matt yta och vit bas som ger god f\u00e4rg\u00e5tergivning. Printad p\u00e5 210 g matt papper med h\u00f6g kvalit\u00e9 bl\u00e4ck.Reproducerat grafiskt verk av en abstrakt akrylm\u00e5lning. \u00c4r tillg\u00e4nglig i formaten 21 x 30 cm, 30 x 40 cm 40 x 50 cm och 50 x 70 cm.\",\"breadcrumb\":{\"@id\":\"https:\/\/artsterstudios.com\/product\/artster-poster-virrvarr-svart\/#breadcrumb\"},\"inLanguage\":\"en-GB\",\"potentialAction\":[{\"@type\":\"ReadAction\",\"target\":[\"https:\/\/artsterstudios.com\/product\/artster-poster-virrvarr-svart\/\"]}]},{\"@type\":\"BreadcrumbList\",\"@id\":\"https:\/\/artsterstudios.com\/product\/artster-poster-virrvarr-svart\/#breadcrumb\",\"itemListElement\":[{\"@type\":\"ListItem\",\"position\":1,\"name\":\"d\u00e4r konst m\u00f6ter vardag.\",\"item\":\"https:\/\/artsterstudios.com\/\"},{\"@type\":\"ListItem\",\"position\":2,\"name\":\"Produkter\",\"item\":\"https:\/\/artsterstudios.com\/produkter-2\/\"},{\"@type\":\"ListItem\",\"position\":3,\"name\":\"Artster Poster, Virrvarr svart\"}]},{\"@type\":\"WebSite\",\"@id\":\"https:\/\/artsterstudios.com\/#website\",\"url\":\"https:\/\/artsterstudios.com\/\",\"name\":\"Artster\",\"description\":\"Originalverk, fotokonst, posters och objekt\",\"publisher\":{\"@id\":\"https:\/\/artsterstudios.com\/#organization\"},\"potentialAction\":[{\"@type\":\"SearchAction\",\"target\":{\"@type\":\"EntryPoint\",\"urlTemplate\":\"https:\/\/artsterstudios.com\/?s={search_term_string}\"},\"query-input\":\"required name=search_term_string\"}],\"inLanguage\":\"en-GB\"},{\"@type\":\"Organization\",\"@id\":\"https:\/\/artsterstudios.com\/#organization\",\"name\":\"ARTSTER\",\"url\":\"https:\/\/artsterstudios.com\/\",\"logo\":{\"@type\":\"ImageObject\",\"inLanguage\":\"en-GB\",\"@id\":\"https:\/\/artsterstudios.com\/#\/schema\/logo\/image\/\",\"url\":\"https:\/\/artsterstudios.com\/wp-content\/uploads\/2022\/02\/LOGO-ARTSTER.png\",\"contentUrl\":\"https:\/\/artsterstudios.com\/wp-content\/uploads\/2022\/02\/LOGO-ARTSTER.png\",\"width\":426,\"height\":351,\"caption\":\"ARTSTER\"},\"image\":{\"@id\":\"https:\/\/artsterstudios.com\/#\/schema\/logo\/image\/\"},\"sameAs\":[\"https:\/\/www.instagram.com\/artster_studios\/\"]}]}<\/script>\n<!-- \/ Yoast SEO plugin. -->","yoast_head_json":{"title":"Artster Poster, Virrvarr svart - Artster","description":"Artster Poster, Virrvarr svart ett \u00e4r ett motiv\u00a0 exklusivt till Artster printat p\u00e5 Hahnem\u00fchle\u00a0 papper med sl\u00e4t matt yta och vit bas som ger god f\u00e4rg\u00e5tergivning. Printad p\u00e5 210 g matt papper med h\u00f6g kvalit\u00e9 bl\u00e4ck.Reproducerat grafiskt verk av en abstrakt akrylm\u00e5lning. \u00c4r tillg\u00e4nglig i formaten 21 x 30 cm, 30 x 40 cm 40 x 50 cm och 50 x 70 cm.","robots":{"index":"index","follow":"follow","max-snippet":"max-snippet:-1","max-image-preview":"max-image-preview:large","max-video-preview":"max-video-preview:-1"},"canonical":"https:\/\/artsterstudios.com\/en\/product\/artster-poster-virrvarr-svart\/","og_locale":"en_GB","og_type":"article","og_title":"Artster Poster, Virrvarr svart - Artster","og_description":"Artster Poster, Virrvarr svart ett \u00e4r ett motiv\u00a0 exklusivt till Artster printat p\u00e5 Hahnem\u00fchle\u00a0 papper med sl\u00e4t matt yta och vit bas som ger god f\u00e4rg\u00e5tergivning. Printad p\u00e5 210 g matt papper med h\u00f6g kvalit\u00e9 bl\u00e4ck.Reproducerat grafiskt verk av en abstrakt akrylm\u00e5lning. \u00c4r tillg\u00e4nglig i formaten 21 x 30 cm, 30 x 40 cm 40 x 50 cm och 50 x 70 cm.","og_url":"https:\/\/artsterstudios.com\/en\/product\/artster-poster-virrvarr-svart\/","og_site_name":"Artster","article_modified_time":"2022-10-21T07:47:20+00:00","og_image":[{"width":1417,"height":1984,"url":"https:\/\/artsterstudios.com\/wp-content\/uploads\/2022\/04\/RAM.png","type":"image\/png"}],"twitter_card":"summary_large_image","twitter_misc":{"Estimated reading time":"1 minute"},"schema":{"@context":"https:\/\/schema.org","@graph":[{"@type":"WebPage","@id":"https:\/\/artsterstudios.com\/product\/artster-poster-virrvarr-svart\/","url":"https:\/\/artsterstudios.com\/product\/artster-poster-virrvarr-svart\/","name":"Artster Poster, Virrvarr svart - Artster","isPartOf":{"@id":"https:\/\/artsterstudios.com\/#website"},"datePublished":"2022-04-11T18:30:42+00:00","dateModified":"2022-10-21T07:47:20+00:00","description":"Artster Poster, Virrvarr svart ett \u00e4r ett motiv\u00a0 exklusivt till Artster printat p\u00e5 Hahnem\u00fchle\u00a0 papper med sl\u00e4t matt yta och vit bas som ger god f\u00e4rg\u00e5tergivning. Printad p\u00e5 210 g matt papper med h\u00f6g kvalit\u00e9 bl\u00e4ck.Reproducerat grafiskt verk av en abstrakt akrylm\u00e5lning. \u00c4r tillg\u00e4nglig i formaten 21 x 30 cm, 30 x 40 cm 40 x 50 cm och 50 x 70 cm.","breadcrumb":{"@id":"https:\/\/artsterstudios.com\/product\/artster-poster-virrvarr-svart\/#breadcrumb"},"inLanguage":"en-GB","potentialAction":[{"@type":"ReadAction","target":["https:\/\/artsterstudios.com\/product\/artster-poster-virrvarr-svart\/"]}]},{"@type":"BreadcrumbList","@id":"https:\/\/artsterstudios.com\/product\/artster-poster-virrvarr-svart\/#breadcrumb","itemListElement":[{"@type":"ListItem","position":1,"name":"d\u00e4r konst m\u00f6ter vardag.","item":"https:\/\/artsterstudios.com\/"},{"@type":"ListItem","position":2,"name":"Produkter","item":"https:\/\/artsterstudios.com\/produkter-2\/"},{"@type":"ListItem","position":3,"name":"Artster Poster, Virrvarr svart"}]},{"@type":"WebSite","@id":"https:\/\/artsterstudios.com\/#website","url":"https:\/\/artsterstudios.com\/","name":"artsterstudiosstockholm@gmail.com","description":"Originalverk, fotokonst, posters och objekt","publisher":{"@id":"https:\/\/artsterstudios.com\/#organization"},"potentialAction":[{"@type":"SearchAction","target":{"@type":"EntryPoint","urlTemplate":"https:\/\/artsterstudios.com\/?s={search_term_string}"},"query-input":"required name=search_term_string"}],"inLanguage":"en-GB"},{"@type":"Organization","@id":"https:\/\/artsterstudios.com\/#organization","name":"ARTSTER","url":"https:\/\/artsterstudios.com\/","logo":{"@type":"ImageObject","inLanguage":"en-GB","@id":"https:\/\/artsterstudios.com\/#\/schema\/logo\/image\/","url":"https:\/\/artsterstudios.com\/wp-content\/uploads\/2022\/02\/LOGO-ARTSTER.png","contentUrl":"https:\/\/artsterstudios.com\/wp-content\/uploads\/2022\/02\/LOGO-ARTSTER.png","width":426,"height":351,"caption":"ARTSTER"},"image":{"@id":"https:\/\/artsterstudios.com\/#\/schema\/logo\/image\/"},"sameAs":["https:\/\/www.instagram.com\/artster_studios\/"]}]}},"_links":{"self":[{"href":"https:\/\/artsterstudios.com\/en\/wp-json\/wp\/v2\/product\/2110","targetHints":{"allow":["GET"]}}],"collection":[{"href":"https:\/\/artsterstudios.com\/en\/wp-json\/wp\/v2\/product"}],"about":[{"href":"https:\/\/artsterstudios.com\/en\/wp-json\/wp\/v2\/types\/product"}],"replies":[{"embeddable":true,"href":"https:\/\/artsterstudios.com\/en\/wp-json\/wp\/v2\/comments?post=2110"}],"wp:featuredmedia":[{"embeddable":true,"href":"https:\/\/artsterstudios.com\/en\/wp-json\/wp\/v2\/media\/2116"}],"wp:attachment":[{"href":"https:\/\/artsterstudios.com\/en\/wp-json\/wp\/v2\/media?parent=2110"}],"wp:term":[{"taxonomy":"product_cat","embeddable":true,"href":"https:\/\/artsterstudios.com\/en\/wp-json\/wp\/v2\/product_cat?post=2110"},{"taxonomy":"product_tag","embeddable":true,"href":"https:\/\/artsterstudios.com\/en\/wp-json\/wp\/v2\/product_tag?post=2110"}],"curies":[{"name":"wp","href":"https:\/\/api.w.org\/{rel}","templated":true}]}}