{"id":1855,"date":"2022-03-21T12:54:14","date_gmt":"2022-03-21T12:54:14","guid":{"rendered":"https:\/\/artsterstudios.com\/?post_type=product&#038;p=1855"},"modified":"2022-05-21T21:51:18","modified_gmt":"2022-05-21T21:51:18","slug":"dag","status":"publish","type":"product","link":"https:\/\/artsterstudios.com\/en\/product\/dag\/","title":{"rendered":"Dag"},"content":{"rendered":"<p>Fine art photo art with motives created exclusive to Artster.<\/p>\n<p>Hahnem\u00fchle is a German papermaker widely recognized for their fine art materials and high quality products.<\/p>\n<p>&nbsp;<\/p>","protected":false},"excerpt":{"rendered":"<p>Fotokonst, motiv som \u00e4r skapade exklusivt f\u00f6r Artster. Printad p\u00e5 210 g matt papper med sl\u00e4t yta fr\u00e5n Hahnem\u00fchle med h\u00f6g kvalit\u00e9 bl\u00e4ck. &nbsp;<\/p>","protected":false},"featured_media":1856,"comment_status":"open","ping_status":"closed","template":"","meta":{"_kad_post_transparent":"default","_kad_post_title":"","_kad_post_layout":"default","_kad_post_sidebar_id":"","_kad_post_content_style":"default","_kad_post_vertical_padding":"default","_kad_post_feature":"","_kad_post_feature_position":"","_kad_post_header":false,"_kad_post_footer":false,"_kad_post_classname":""},"product_cat":[43],"product_tag":[86,99],"class_list":["post-1855","product","type-product","status-publish","has-post-thumbnail","hentry","product_cat-foto","product_tag-foto","product_tag-vaxt","entry","content-bg","loop-entry"],"yoast_head":"<!-- This site is optimized with the Yoast SEO plugin v20.6 - https:\/\/yoast.com\/wordpress\/plugins\/seo\/ -->\n<title>Dag - Artster<\/title>\n<meta name=\"robots\" content=\"index, follow, max-snippet:-1, max-image-preview:large, max-video-preview:-1\" \/>\n<link rel=\"canonical\" href=\"https:\/\/artsterstudios.com\/en\/product\/dag\/\" \/>\n<meta property=\"og:locale\" content=\"en_GB\" \/>\n<meta property=\"og:type\" content=\"article\" \/>\n<meta property=\"og:title\" content=\"Dag - Artster\" \/>\n<meta property=\"og:description\" content=\"Fotokonst, motiv som \u00e4r skapade exklusivt f\u00f6r Artster. Printad p\u00e5 210 g matt papper med sl\u00e4t yta fr\u00e5n Hahnem\u00fchle med h\u00f6g kvalit\u00e9 bl\u00e4ck. &nbsp;\" \/>\n<meta property=\"og:url\" content=\"https:\/\/artsterstudios.com\/en\/product\/dag\/\" \/>\n<meta property=\"og:site_name\" content=\"Artster\" \/>\n<meta property=\"article:modified_time\" content=\"2022-05-21T21:51:18+00:00\" \/>\n<meta property=\"og:image\" content=\"https:\/\/artsterstudios.com\/wp-content\/uploads\/2022\/03\/ram-SVART-pa-hojd-Dag.png\" \/>\n\t<meta property=\"og:image:width\" content=\"1417\" \/>\n\t<meta property=\"og:image:height\" content=\"1984\" \/>\n\t<meta property=\"og:image:type\" content=\"image\/png\" \/>\n<meta name=\"twitter:card\" content=\"summary_large_image\" \/>\n<script type=\"application\/ld+json\" class=\"yoast-schema-graph\">{\"@context\":\"https:\/\/schema.org\",\"@graph\":[{\"@type\":\"WebPage\",\"@id\":\"https:\/\/artsterstudios.com\/product\/dag\/\",\"url\":\"https:\/\/artsterstudios.com\/product\/dag\/\",\"name\":\"Dag - Artster\",\"isPartOf\":{\"@id\":\"https:\/\/artsterstudios.com\/#website\"},\"datePublished\":\"2022-03-21T12:54:14+00:00\",\"dateModified\":\"2022-05-21T21:51:18+00:00\",\"breadcrumb\":{\"@id\":\"https:\/\/artsterstudios.com\/product\/dag\/#breadcrumb\"},\"inLanguage\":\"en-GB\",\"potentialAction\":[{\"@type\":\"ReadAction\",\"target\":[\"https:\/\/artsterstudios.com\/product\/dag\/\"]}]},{\"@type\":\"BreadcrumbList\",\"@id\":\"https:\/\/artsterstudios.com\/product\/dag\/#breadcrumb\",\"itemListElement\":[{\"@type\":\"ListItem\",\"position\":1,\"name\":\"d\u00e4r konst m\u00f6ter vardag.\",\"item\":\"https:\/\/artsterstudios.com\/\"},{\"@type\":\"ListItem\",\"position\":2,\"name\":\"Produkter\",\"item\":\"https:\/\/artsterstudios.com\/produkter-2\/\"},{\"@type\":\"ListItem\",\"position\":3,\"name\":\"Dag\"}]},{\"@type\":\"WebSite\",\"@id\":\"https:\/\/artsterstudios.com\/#website\",\"url\":\"https:\/\/artsterstudios.com\/\",\"name\":\"Artster\",\"description\":\"Originalverk, fotokonst, posters och objekt\",\"publisher\":{\"@id\":\"https:\/\/artsterstudios.com\/#organization\"},\"potentialAction\":[{\"@type\":\"SearchAction\",\"target\":{\"@type\":\"EntryPoint\",\"urlTemplate\":\"https:\/\/artsterstudios.com\/?s={search_term_string}\"},\"query-input\":\"required name=search_term_string\"}],\"inLanguage\":\"en-GB\"},{\"@type\":\"Organization\",\"@id\":\"https:\/\/artsterstudios.com\/#organization\",\"name\":\"ARTSTER\",\"url\":\"https:\/\/artsterstudios.com\/\",\"logo\":{\"@type\":\"ImageObject\",\"inLanguage\":\"en-GB\",\"@id\":\"https:\/\/artsterstudios.com\/#\/schema\/logo\/image\/\",\"url\":\"https:\/\/artsterstudios.com\/wp-content\/uploads\/2022\/02\/LOGO-ARTSTER.png\",\"contentUrl\":\"https:\/\/artsterstudios.com\/wp-content\/uploads\/2022\/02\/LOGO-ARTSTER.png\",\"width\":426,\"height\":351,\"caption\":\"ARTSTER\"},\"image\":{\"@id\":\"https:\/\/artsterstudios.com\/#\/schema\/logo\/image\/\"},\"sameAs\":[\"https:\/\/www.instagram.com\/artster_studios\/\"]}]}<\/script>\n<!-- \/ Yoast SEO plugin. -->","yoast_head_json":{"title":"Dag - Artster","robots":{"index":"index","follow":"follow","max-snippet":"max-snippet:-1","max-image-preview":"max-image-preview:large","max-video-preview":"max-video-preview:-1"},"canonical":"https:\/\/artsterstudios.com\/en\/product\/dag\/","og_locale":"en_GB","og_type":"article","og_title":"Dag - Artster","og_description":"Fotokonst, motiv som \u00e4r skapade exklusivt f\u00f6r Artster. Printad p\u00e5 210 g matt papper med sl\u00e4t yta fr\u00e5n Hahnem\u00fchle med h\u00f6g kvalit\u00e9 bl\u00e4ck. &nbsp;","og_url":"https:\/\/artsterstudios.com\/en\/product\/dag\/","og_site_name":"Artster","article_modified_time":"2022-05-21T21:51:18+00:00","og_image":[{"width":1417,"height":1984,"url":"https:\/\/artsterstudios.com\/wp-content\/uploads\/2022\/03\/ram-SVART-pa-hojd-Dag.png","type":"image\/png"}],"twitter_card":"summary_large_image","schema":{"@context":"https:\/\/schema.org","@graph":[{"@type":"WebPage","@id":"https:\/\/artsterstudios.com\/product\/dag\/","url":"https:\/\/artsterstudios.com\/product\/dag\/","name":"Dag - Artster","isPartOf":{"@id":"https:\/\/artsterstudios.com\/#website"},"datePublished":"2022-03-21T12:54:14+00:00","dateModified":"2022-05-21T21:51:18+00:00","breadcrumb":{"@id":"https:\/\/artsterstudios.com\/product\/dag\/#breadcrumb"},"inLanguage":"en-GB","potentialAction":[{"@type":"ReadAction","target":["https:\/\/artsterstudios.com\/product\/dag\/"]}]},{"@type":"BreadcrumbList","@id":"https:\/\/artsterstudios.com\/product\/dag\/#breadcrumb","itemListElement":[{"@type":"ListItem","position":1,"name":"d\u00e4r konst m\u00f6ter vardag.","item":"https:\/\/artsterstudios.com\/"},{"@type":"ListItem","position":2,"name":"Produkter","item":"https:\/\/artsterstudios.com\/produkter-2\/"},{"@type":"ListItem","position":3,"name":"Dag"}]},{"@type":"WebSite","@id":"https:\/\/artsterstudios.com\/#website","url":"https:\/\/artsterstudios.com\/","name":"artsterstudiosstockholm@gmail.com","description":"Originalverk, fotokonst, posters och objekt","publisher":{"@id":"https:\/\/artsterstudios.com\/#organization"},"potentialAction":[{"@type":"SearchAction","target":{"@type":"EntryPoint","urlTemplate":"https:\/\/artsterstudios.com\/?s={search_term_string}"},"query-input":"required name=search_term_string"}],"inLanguage":"en-GB"},{"@type":"Organization","@id":"https:\/\/artsterstudios.com\/#organization","name":"ARTSTER","url":"https:\/\/artsterstudios.com\/","logo":{"@type":"ImageObject","inLanguage":"en-GB","@id":"https:\/\/artsterstudios.com\/#\/schema\/logo\/image\/","url":"https:\/\/artsterstudios.com\/wp-content\/uploads\/2022\/02\/LOGO-ARTSTER.png","contentUrl":"https:\/\/artsterstudios.com\/wp-content\/uploads\/2022\/02\/LOGO-ARTSTER.png","width":426,"height":351,"caption":"ARTSTER"},"image":{"@id":"https:\/\/artsterstudios.com\/#\/schema\/logo\/image\/"},"sameAs":["https:\/\/www.instagram.com\/artster_studios\/"]}]}},"_links":{"self":[{"href":"https:\/\/artsterstudios.com\/en\/wp-json\/wp\/v2\/product\/1855","targetHints":{"allow":["GET"]}}],"collection":[{"href":"https:\/\/artsterstudios.com\/en\/wp-json\/wp\/v2\/product"}],"about":[{"href":"https:\/\/artsterstudios.com\/en\/wp-json\/wp\/v2\/types\/product"}],"replies":[{"embeddable":true,"href":"https:\/\/artsterstudios.com\/en\/wp-json\/wp\/v2\/comments?post=1855"}],"wp:featuredmedia":[{"embeddable":true,"href":"https:\/\/artsterstudios.com\/en\/wp-json\/wp\/v2\/media\/1856"}],"wp:attachment":[{"href":"https:\/\/artsterstudios.com\/en\/wp-json\/wp\/v2\/media?parent=1855"}],"wp:term":[{"taxonomy":"product_cat","embeddable":true,"href":"https:\/\/artsterstudios.com\/en\/wp-json\/wp\/v2\/product_cat?post=1855"},{"taxonomy":"product_tag","embeddable":true,"href":"https:\/\/artsterstudios.com\/en\/wp-json\/wp\/v2\/product_tag?post=1855"}],"curies":[{"name":"wp","href":"https:\/\/api.w.org\/{rel}","templated":true}]}}