{"id":1610,"date":"2022-02-21T10:36:24","date_gmt":"2022-02-21T10:36:24","guid":{"rendered":"https:\/\/artsterstudios.com\/?page_id=1610"},"modified":"2022-03-15T08:59:43","modified_gmt":"2022-03-15T08:59:43","slug":"retur","status":"publish","type":"page","link":"https:\/\/artsterstudios.com\/en\/retur\/","title":{"rendered":"Returns"},"content":{"rendered":"<p class=\"has-large-font-size\"><strong>Returns<\/strong><\/p>\n\n\n\n<p>Artster prints all motifs especially for you once you have ordered them, but we understand that it can sometimes go wrong. Therefore, we have the right of withdrawal for 14 days.&nbsp;<\/p>\n\n\n\n<p class=\"has-theme-palette-3-color has-text-color\" id=\"Retur\" style=\"line-height:1.8\">Email us at artsterstudiosstockholm@gmail.com and we will get back to you with a QR code that you show your nearest postal agent, so you can send your return to us. Returned product must be in undamaged condition and in original packaging. Within 30 days after we have received the return, a refund will be made to you minus SEK 150 for the return cost. artsterstudiosstockholm@gmail.com . <a href=\"mailto:artsterstudiosstockholm@gmail.com\">artsterstudiosstockholm@gmail.com<\/a> . <\/p>\n\n\n\n<p style=\"line-height:0\"> .<\/p>","protected":false},"excerpt":{"rendered":"<p>Retur Artster printar alla motiv speciellt f\u00f6r dig n\u00e4r du har best\u00e4llt dem, men vi f\u00f6rst\u00e5r att det ibland kan bli fel. D\u00e4rf\u00f6r har vi \u00e5ngerr\u00e4tt i 14 dagar.&nbsp; Maila oss p\u00e5 artsterstudiosstockholm@gmail.com s\u00e5 \u00e5terkommer vi till dig med en QR-kod som du visar ditt n\u00e4rmsta postombud, s\u00e5 du kan skicka tillbaka din retur till&#8230;<\/p>","protected":false},"author":1,"featured_media":0,"parent":0,"menu_order":0,"comment_status":"closed","ping_status":"closed","template":"","meta":{"_kad_post_transparent":"","_kad_post_title":"","_kad_post_layout":"","_kad_post_sidebar_id":"","_kad_post_content_style":"","_kad_post_vertical_padding":"","_kad_post_feature":"","_kad_post_feature_position":"","_kad_post_header":false,"_kad_post_footer":false,"_kad_post_classname":"","footnotes":""},"class_list":["post-1610","page","type-page","status-publish","hentry"],"yoast_head":"<!-- This site is optimized with the Yoast SEO plugin v20.6 - https:\/\/yoast.com\/wordpress\/plugins\/seo\/ -->\n<title>Retur - Artster<\/title>\n<meta name=\"robots\" content=\"index, follow, max-snippet:-1, max-image-preview:large, max-video-preview:-1\" \/>\n<link rel=\"canonical\" href=\"https:\/\/artsterstudios.com\/en\/retur\/\" \/>\n<meta property=\"og:locale\" content=\"en_GB\" \/>\n<meta property=\"og:type\" content=\"article\" \/>\n<meta property=\"og:title\" content=\"Retur - Artster\" \/>\n<meta property=\"og:description\" content=\"Retur Artster printar alla motiv speciellt f\u00f6r dig n\u00e4r du har best\u00e4llt dem, men vi f\u00f6rst\u00e5r att det ibland kan bli fel. D\u00e4rf\u00f6r har vi \u00e5ngerr\u00e4tt i 14 dagar.&nbsp; Maila oss p\u00e5 artsterstudiosstockholm@gmail.com s\u00e5 \u00e5terkommer vi till dig med en QR-kod som du visar ditt n\u00e4rmsta postombud, s\u00e5 du kan skicka tillbaka din retur till...\" \/>\n<meta property=\"og:url\" content=\"https:\/\/artsterstudios.com\/en\/retur\/\" \/>\n<meta property=\"og:site_name\" content=\"Artster\" \/>\n<meta property=\"article:modified_time\" content=\"2022-03-15T08:59:43+00:00\" \/>\n<meta name=\"twitter:card\" content=\"summary_large_image\" \/>\n<script type=\"application\/ld+json\" class=\"yoast-schema-graph\">{\"@context\":\"https:\/\/schema.org\",\"@graph\":[{\"@type\":\"WebPage\",\"@id\":\"https:\/\/artsterstudios.com\/retur\/\",\"url\":\"https:\/\/artsterstudios.com\/retur\/\",\"name\":\"Retur - Artster\",\"isPartOf\":{\"@id\":\"https:\/\/artsterstudios.com\/#website\"},\"datePublished\":\"2022-02-21T10:36:24+00:00\",\"dateModified\":\"2022-03-15T08:59:43+00:00\",\"breadcrumb\":{\"@id\":\"https:\/\/artsterstudios.com\/retur\/#breadcrumb\"},\"inLanguage\":\"en-GB\",\"potentialAction\":[{\"@type\":\"ReadAction\",\"target\":[\"https:\/\/artsterstudios.com\/retur\/\"]}]},{\"@type\":\"BreadcrumbList\",\"@id\":\"https:\/\/artsterstudios.com\/retur\/#breadcrumb\",\"itemListElement\":[{\"@type\":\"ListItem\",\"position\":1,\"name\":\"d\u00e4r konst m\u00f6ter vardag.\",\"item\":\"https:\/\/artsterstudios.com\/\"},{\"@type\":\"ListItem\",\"position\":2,\"name\":\"Retur\"}]},{\"@type\":\"WebSite\",\"@id\":\"https:\/\/artsterstudios.com\/#website\",\"url\":\"https:\/\/artsterstudios.com\/\",\"name\":\"Artster\",\"description\":\"Originalverk, fotokonst, posters och objekt\",\"publisher\":{\"@id\":\"https:\/\/artsterstudios.com\/#organization\"},\"potentialAction\":[{\"@type\":\"SearchAction\",\"target\":{\"@type\":\"EntryPoint\",\"urlTemplate\":\"https:\/\/artsterstudios.com\/?s={search_term_string}\"},\"query-input\":\"required name=search_term_string\"}],\"inLanguage\":\"en-GB\"},{\"@type\":\"Organization\",\"@id\":\"https:\/\/artsterstudios.com\/#organization\",\"name\":\"ARTSTER\",\"url\":\"https:\/\/artsterstudios.com\/\",\"logo\":{\"@type\":\"ImageObject\",\"inLanguage\":\"en-GB\",\"@id\":\"https:\/\/artsterstudios.com\/#\/schema\/logo\/image\/\",\"url\":\"https:\/\/artsterstudios.com\/wp-content\/uploads\/2022\/02\/LOGO-ARTSTER.png\",\"contentUrl\":\"https:\/\/artsterstudios.com\/wp-content\/uploads\/2022\/02\/LOGO-ARTSTER.png\",\"width\":426,\"height\":351,\"caption\":\"ARTSTER\"},\"image\":{\"@id\":\"https:\/\/artsterstudios.com\/#\/schema\/logo\/image\/\"},\"sameAs\":[\"https:\/\/www.instagram.com\/artster_studios\/\"]}]}<\/script>\n<!-- \/ Yoast SEO plugin. -->","yoast_head_json":{"title":"Retur - Artster","robots":{"index":"index","follow":"follow","max-snippet":"max-snippet:-1","max-image-preview":"max-image-preview:large","max-video-preview":"max-video-preview:-1"},"canonical":"https:\/\/artsterstudios.com\/en\/retur\/","og_locale":"en_GB","og_type":"article","og_title":"Retur - Artster","og_description":"Retur Artster printar alla motiv speciellt f\u00f6r dig n\u00e4r du har best\u00e4llt dem, men vi f\u00f6rst\u00e5r att det ibland kan bli fel. D\u00e4rf\u00f6r har vi \u00e5ngerr\u00e4tt i 14 dagar.&nbsp; Maila oss p\u00e5 artsterstudiosstockholm@gmail.com s\u00e5 \u00e5terkommer vi till dig med en QR-kod som du visar ditt n\u00e4rmsta postombud, s\u00e5 du kan skicka tillbaka din retur till...","og_url":"https:\/\/artsterstudios.com\/en\/retur\/","og_site_name":"Artster","article_modified_time":"2022-03-15T08:59:43+00:00","twitter_card":"summary_large_image","schema":{"@context":"https:\/\/schema.org","@graph":[{"@type":"WebPage","@id":"https:\/\/artsterstudios.com\/retur\/","url":"https:\/\/artsterstudios.com\/retur\/","name":"Retur - Artster","isPartOf":{"@id":"https:\/\/artsterstudios.com\/#website"},"datePublished":"2022-02-21T10:36:24+00:00","dateModified":"2022-03-15T08:59:43+00:00","breadcrumb":{"@id":"https:\/\/artsterstudios.com\/retur\/#breadcrumb"},"inLanguage":"en-GB","potentialAction":[{"@type":"ReadAction","target":["https:\/\/artsterstudios.com\/retur\/"]}]},{"@type":"BreadcrumbList","@id":"https:\/\/artsterstudios.com\/retur\/#breadcrumb","itemListElement":[{"@type":"ListItem","position":1,"name":"d\u00e4r konst m\u00f6ter vardag.","item":"https:\/\/artsterstudios.com\/"},{"@type":"ListItem","position":2,"name":"Retur"}]},{"@type":"WebSite","@id":"https:\/\/artsterstudios.com\/#website","url":"https:\/\/artsterstudios.com\/","name":"artsterstudiosstockholm@gmail.com","description":"Originalverk, fotokonst, posters och objekt","publisher":{"@id":"https:\/\/artsterstudios.com\/#organization"},"potentialAction":[{"@type":"SearchAction","target":{"@type":"EntryPoint","urlTemplate":"https:\/\/artsterstudios.com\/?s={search_term_string}"},"query-input":"required name=search_term_string"}],"inLanguage":"en-GB"},{"@type":"Organization","@id":"https:\/\/artsterstudios.com\/#organization","name":"ARTSTER","url":"https:\/\/artsterstudios.com\/","logo":{"@type":"ImageObject","inLanguage":"en-GB","@id":"https:\/\/artsterstudios.com\/#\/schema\/logo\/image\/","url":"https:\/\/artsterstudios.com\/wp-content\/uploads\/2022\/02\/LOGO-ARTSTER.png","contentUrl":"https:\/\/artsterstudios.com\/wp-content\/uploads\/2022\/02\/LOGO-ARTSTER.png","width":426,"height":351,"caption":"ARTSTER"},"image":{"@id":"https:\/\/artsterstudios.com\/#\/schema\/logo\/image\/"},"sameAs":["https:\/\/www.instagram.com\/artster_studios\/"]}]}},"_links":{"self":[{"href":"https:\/\/artsterstudios.com\/en\/wp-json\/wp\/v2\/pages\/1610","targetHints":{"allow":["GET"]}}],"collection":[{"href":"https:\/\/artsterstudios.com\/en\/wp-json\/wp\/v2\/pages"}],"about":[{"href":"https:\/\/artsterstudios.com\/en\/wp-json\/wp\/v2\/types\/page"}],"author":[{"embeddable":true,"href":"https:\/\/artsterstudios.com\/en\/wp-json\/wp\/v2\/users\/1"}],"replies":[{"embeddable":true,"href":"https:\/\/artsterstudios.com\/en\/wp-json\/wp\/v2\/comments?post=1610"}],"version-history":[{"count":5,"href":"https:\/\/artsterstudios.com\/en\/wp-json\/wp\/v2\/pages\/1610\/revisions"}],"predecessor-version":[{"id":1784,"href":"https:\/\/artsterstudios.com\/en\/wp-json\/wp\/v2\/pages\/1610\/revisions\/1784"}],"wp:attachment":[{"href":"https:\/\/artsterstudios.com\/en\/wp-json\/wp\/v2\/media?parent=1610"}],"curies":[{"name":"wp","href":"https:\/\/api.w.org\/{rel}","templated":true}]}}