{"id":144,"date":"2019-12-26T16:59:15","date_gmt":"2019-12-26T16:59:15","guid":{"rendered":"https:\/\/demos.kadencewp.com\/blocks-store\/?page_id=144"},"modified":"2022-08-08T21:44:16","modified_gmt":"2022-08-08T21:44:16","slug":"om-kontakt","status":"publish","type":"page","link":"https:\/\/artsterstudios.com\/en\/om-kontakt\/","title":{"rendered":"About\/Contact"},"content":{"rendered":"<p><\/p>\n\n\n<style>#kt-layout-id_8abb6e-ed > .kt-row-column-wrap{align-content:center;}:where(#kt-layout-id_8abb6e-ed > .kt-row-column-wrap) > .wp-block-kadence-column{justify-content:center;}#kt-layout-id_8abb6e-ed > .kt-row-column-wrap{column-gap:var(--global-kb-gap-none, 0 );row-gap:var(--global-kb-gap-md, 2rem);padding-top:25px;padding-bottom:25px;padding-top:0px;padding-bottom:0px;padding-left:0px;padding-right:0px;grid-template-columns:minmax(0, 1fr);}#kt-layout-id_8abb6e-ed > .kt-row-layout-overlay{opacity:0.30;}@media all and (max-width: 1024px){#kt-layout-id_8abb6e-ed > .kt-row-column-wrap{grid-template-columns:repeat(2, minmax(0, 1fr));}}@media all and (max-width: 767px){#kt-layout-id_8abb6e-ed > .kt-row-column-wrap{grid-template-columns:minmax(0, 1fr);}}<\/style>\n<div class=\"wp-block-kadence-rowlayout alignnone\"><div id=\"kt-layout-id_8abb6e-ed\" class=\"kt-row-layout-inner kt-layout-id_8abb6e-ed\"><div class=\"kt-row-column-wrap kt-has-2-columns kt-gutter-none kt-v-gutter-default kt-row-valign-middle kt-row-layout-row kt-tab-layout-inherit kt-m-colapse-left-to-right kt-mobile-layout-row\"><style>.kadence-column_665c4e-78 > .kt-inside-inner-col{border-top-width:0px;border-right-width:0px;border-bottom-width:0px;border-left-width:0px;}.kadence-column_665c4e-78 > .kt-inside-inner-col,.kadence-column_665c4e-78 > .kt-inside-inner-col:before{border-top-left-radius:0px;border-top-right-radius:0px;border-bottom-right-radius:0px;border-bottom-left-radius:0px;}.kadence-column_665c4e-78 > .kt-inside-inner-col:before{opacity:0.3;}.kadence-column_665c4e-78{position:relative;}<\/style>\n<div class=\"wp-block-kadence-column inner-column-1 kadence-column_665c4e-78\"><div class=\"kt-inside-inner-col\"><\/div><\/div>\n\n\n<style>.kadence-column_b88548-ae > .kt-inside-inner-col{padding-left:30px;padding-right:30px;}.kadence-column_b88548-ae > .kt-inside-inner-col{border-top-width:0px;border-right-width:0px;border-bottom-width:0px;border-left-width:0px;}.kadence-column_b88548-ae > .kt-inside-inner-col,.kadence-column_b88548-ae > .kt-inside-inner-col:before{border-top-left-radius:0px;border-top-right-radius:0px;border-bottom-right-radius:0px;border-bottom-left-radius:0px;}.kadence-column_b88548-ae > .kt-inside-inner-col:before{opacity:0.3;}.kadence-column_b88548-ae{position:relative;}<\/style>\n<div class=\"wp-block-kadence-column inner-column-2 kadence-column_b88548-ae\"><div class=\"kt-inside-inner-col\"><style>#kt-layout-id_3f3d4d-70 > .kt-row-column-wrap{align-content:start;}:where(#kt-layout-id_3f3d4d-70 > .kt-row-column-wrap) > .wp-block-kadence-column{justify-content:start;}#kt-layout-id_3f3d4d-70 > .kt-row-column-wrap{column-gap:var(--global-kb-gap-md, 2rem);row-gap:var(--global-kb-gap-md, 2rem);max-width:455px;margin-left:auto;margin-right:auto;padding-top:25px;padding-bottom:25px;padding-top:0px;padding-bottom:0px;grid-template-columns:minmax(0, 1fr);}#kt-layout-id_3f3d4d-70 > .kt-row-layout-overlay{opacity:0.30;}@media all and (max-width: 1024px){#kt-layout-id_3f3d4d-70 > .kt-row-column-wrap{grid-template-columns:minmax(0, 1fr);}}@media all and (max-width: 767px){#kt-layout-id_3f3d4d-70 > .kt-row-column-wrap{grid-template-columns:minmax(0, 1fr);}}<\/style>\n<div class=\"wp-block-kadence-rowlayout alignnone\"><div id=\"kt-layout-id_3f3d4d-70\" class=\"kt-row-layout-inner kt-layout-id_3f3d4d-70\"><div class=\"kt-row-column-wrap kt-has-1-columns kt-gutter-default kt-v-gutter-default kt-row-valign-top kt-row-layout-equal kt-tab-layout-inherit kt-m-colapse-left-to-right kt-mobile-layout-row\"><style>.kadence-column_85888f-43 > .kt-inside-inner-col{border-top-width:0px;border-right-width:0px;border-bottom-width:0px;border-left-width:0px;}.kadence-column_85888f-43 > .kt-inside-inner-col,.kadence-column_85888f-43 > .kt-inside-inner-col:before{border-top-left-radius:0px;border-top-right-radius:0px;border-bottom-right-radius:0px;border-bottom-left-radius:0px;}.kadence-column_85888f-43 > .kt-inside-inner-col:before{opacity:0.3;}.kadence-column_85888f-43{position:relative;}<\/style>\n<div class=\"wp-block-kadence-column inner-column-1 kadence-column_85888f-43\"><div class=\"kt-inside-inner-col\">\n<h5 class=\"has-text-align-center wp-block-heading\" style=\"font-size:10px;line-height:0\"><strong>WHERE ART MEETS LIFE<\/strong><\/h5>\n\n\n\n<p><\/p>\n\n\n\n<h5 class=\"has-text-align-center has-normal-font-size wp-block-heading\" style=\"line-height:0\"> <\/h5>\n\n\n\n<h1 class=\"has-text-align-center wp-block-heading\" style=\"font-size:50px\">ABOUT ARTSTER <\/h1>\n\n\n\n<p class=\"has-text-align-center translation-block\">Artster is a art studio based in Stockholm Sweden, founded by Linda Ramstedt in 2021. Artster offers a curated collection of fine art posters, original art and objects with a clear brand DNA.<\/p>\n\n\n\n<p class=\"has-text-align-center\">With over 15 years in the fashion industry Linda Ramstedt is synonymous with uncompromising style and attention to detail,  making this a signum for Artster.<\/p>\n\n\n\n<p class=\"has-text-align-center\">Artster is also available for commissions and collaborations.<\/p>\n\n\n\n<p class=\"has-text-align-center\">For enquiries please contact:  artsterstudiosstockholm@gmail.com<\/p>\n<\/div><\/div>\n<\/div><\/div><\/div>\n<\/div><\/div>\n<\/div><\/div><\/div>\n\n\n<style>#kt-layout-id_d29dc8-30 > .kt-row-column-wrap{align-content:start;}:where(#kt-layout-id_d29dc8-30 > .kt-row-column-wrap) > .wp-block-kadence-column{justify-content:start;}#kt-layout-id_d29dc8-30 > .kt-row-column-wrap{column-gap:var(--global-kb-gap-md, 2rem);row-gap:var(--global-kb-gap-md, 2rem);max-width:1200px;margin-left:auto;margin-right:auto;padding-top:25px;padding-bottom:25px;padding-top:99px;padding-bottom:100px;padding-left:25px;padding-right:25px;grid-template-columns:minmax(0, 1fr);}#kt-layout-id_d29dc8-30 > .kt-row-layout-overlay{opacity:0.35;background-color:transparent;}#kt-layout-id_d29dc8-30 ,#kt-layout-id_d29dc8-30 h1,#kt-layout-id_d29dc8-30 h2,#kt-layout-id_d29dc8-30 h3,#kt-layout-id_d29dc8-30 h4,#kt-layout-id_d29dc8-30 h5,#kt-layout-id_d29dc8-30 h6{color:var(--global-palette3, #1A202C);}@media all and (max-width: 1024px){#kt-layout-id_d29dc8-30 > .kt-row-column-wrap{grid-template-columns:minmax(0, 1fr);}}@media all and (max-width: 767px){#kt-layout-id_d29dc8-30 > .kt-row-column-wrap{grid-template-columns:minmax(0, 1fr);}}<\/style>\n<div class=\"wp-block-kadence-rowlayout alignfull\"><div id=\"kt-layout-id_d29dc8-30\" class=\"kt-row-layout-inner kt-row-has-bg kt-layout-id_d29dc8-30\"><div class=\"kt-row-layout-overlay kt-row-overlay-normal\"><\/div><div class=\"kt-row-column-wrap kt-has-1-columns kt-gutter-default kt-v-gutter-default kt-row-valign-top kt-row-layout-equal kt-tab-layout-inherit kt-m-colapse-left-to-right kt-mobile-layout-row\"><style>.kadence-column_acaac4-a1 > .kt-inside-inner-col{border-top-width:0px;border-right-width:0px;border-bottom-width:0px;border-left-width:0px;}.kadence-column_acaac4-a1 > .kt-inside-inner-col,.kadence-column_acaac4-a1 > .kt-inside-inner-col:before{border-top-left-radius:0px;border-top-right-radius:0px;border-bottom-right-radius:0px;border-bottom-left-radius:0px;}.kadence-column_acaac4-a1 > .kt-inside-inner-col:before{opacity:0.3;}.kadence-column_acaac4-a1{position:relative;}<\/style>\n<div class=\"wp-block-kadence-column inner-column-1 kadence-column_acaac4-a1\"><div class=\"kt-inside-inner-col\">\n<p><\/p>\n<\/div><\/div>\n<\/div><\/div><\/div>\n\n\n<style>#kt-layout-id_12564a-24 > .kt-row-column-wrap{align-content:start;}:where(#kt-layout-id_12564a-24 > .kt-row-column-wrap) > .wp-block-kadence-column{justify-content:start;}#kt-layout-id_12564a-24 > .kt-row-column-wrap{column-gap:var(--global-kb-gap-md, 2rem);row-gap:var(--global-kb-gap-md, 2rem);max-width:1000px;margin-left:auto;margin-right:auto;padding-top:25px;padding-bottom:25px;padding-bottom:6px;padding-left:25px;padding-right:25px;grid-template-columns:minmax(0, 1fr);}#kt-layout-id_12564a-24 > .kt-row-layout-overlay{opacity:0.00;}@media all and (max-width: 1024px){#kt-layout-id_12564a-24 > .kt-row-column-wrap{grid-template-columns:minmax(0, 1fr);}}@media all and (max-width: 767px){#kt-layout-id_12564a-24 > .kt-row-column-wrap{grid-template-columns:minmax(0, 1fr);}}<\/style>\n<div class=\"wp-block-kadence-rowlayout alignnone\"><div id=\"kt-layout-id_12564a-24\" class=\"kt-row-layout-inner kt-layout-id_12564a-24\"><div class=\"kt-row-column-wrap kt-has-1-columns kt-gutter-default kt-v-gutter-default kt-row-valign-top kt-row-layout-equal kt-tab-layout-inherit kt-m-colapse-left-to-right kt-mobile-layout-row\"><style>.kadence-column_291e64-e5 > .kt-inside-inner-col{border-top-width:0px;border-right-width:0px;border-bottom-width:0px;border-left-width:0px;}.kadence-column_291e64-e5 > .kt-inside-inner-col,.kadence-column_291e64-e5 > .kt-inside-inner-col:before{border-top-left-radius:0px;border-top-right-radius:0px;border-bottom-right-radius:0px;border-bottom-left-radius:0px;}.kadence-column_291e64-e5 > .kt-inside-inner-col:before{opacity:0.3;}.kadence-column_291e64-e5{position:relative;}<\/style>\n<div class=\"wp-block-kadence-column inner-column-1 kadence-column_291e64-e5\"><div class=\"kt-inside-inner-col\"><style>#kt-info-box_cde34c-57 .kt-blocks-info-box-link-wrap{background:var(--global-palette2, #2B6CB0);max-width:985px;padding-top:20px;padding-right:20px;padding-bottom:20px;padding-left:20px;}#kt-info-box_cde34c-57 .kt-blocks-info-box-link-wrap:hover{background:var(--global-palette2, #2B6CB0);}#kt-info-box_cde34c-57 .kt-info-svg-icon, #kt-info-box_cde34c-57 .kt-info-svg-icon-flip, #kt-info-box_cde34c-57 .kt-blocks-info-box-number{font-size:50px;}#kt-info-box_cde34c-57 .kt-blocks-info-box-media{color:#ffffff;border-top-width:0px;border-right-width:0px;border-bottom-width:0px;border-left-width:0px;padding-top:10px;padding-right:10px;padding-bottom:10px;padding-left:10px;}#kt-info-box_cde34c-57 .kt-blocks-info-box-media-container{margin-top:0px;margin-right:15px;margin-bottom:0px;margin-left:15px;}#kt-info-box_cde34c-57 .kt-blocks-info-box-link-wrap:hover .kt-blocks-info-box-media{color:#ffffff;}#kt-info-box_cde34c-57 .kt-blocks-info-box-title{color:#0e0e0e;font-size:28px;font-style:normal;font-weight:normal;padding-top:0px;padding-right:0px;padding-bottom:0px;padding-left:0px;margin-top:5px;margin-right:0px;margin-bottom:10px;margin-left:0px;}#kt-info-box_cde34c-57 .kt-blocks-info-box-link-wrap:hover .kt-blocks-info-box-title{color:#ffffff;}#kt-info-box_cde34c-57 .kt-blocks-info-box-text{color:var(--global-palette3, #1A202C);}#kt-info-box_cde34c-57 .kt-blocks-info-box-link-wrap:hover .kt-blocks-info-box-text{color:var(--global-palette6, #718096);}#kt-info-box_cde34c-57 .kt-blocks-info-box-learnmore{background:transparent;border-width:0px 0px 0px 0px;padding-top:4px;padding-right:8px;padding-bottom:4px;padding-left:8px;margin:10px 0px 10px 0px;}<\/style>\n<div id=\"kt-info-box_cde34c-57\" class=\"wp-block-kadence-infobox\"><a class=\"kt-blocks-info-box-link-wrap info-box-link kt-blocks-info-box-media-align-top kt-info-halign-center\" href=\"mailto:artsterstudiosstockholm@gmail.com\"><div class=\"kt-infobox-textcontent\"><h2 class=\"kt-blocks-info-box-title\">E-post<\/h2><p class=\"kt-blocks-info-box-text\">Har du n\u00e5gon fr\u00e5ga till oss? maila s\u00e5 \u00e5terkommer vi inom kort.<\/p><\/div><\/a><\/div>\n<\/div><\/div>\n<\/div><\/div><\/div>\n\n\n\n<p><\/p>","protected":false},"excerpt":{"rendered":"<p>D\u00c4R KONST M\u00d6TER VARDAG. OM ARTSTER. Artster \u00e4r en konststudio baserad i Stockholm, grundad av Linda Ramstedt 2021. Id\u00e9n \u00e4r att erbjuda en kurerad kollektion d\u00e4r kunden har m\u00f6jlighet att b\u00e5de k\u00f6pa h\u00f6gkvalitativa posters och originalverk med ett tydligt DNA. Med 15 \u00e5rs erfarenhet fr\u00e5n modeindustrin \u00e4r Linda Ramstedt synonym med tr\u00e4ffs\u00e4ker trendk\u00e4nsla och ett&#8230;<\/p>","protected":false},"author":1,"featured_media":0,"parent":0,"menu_order":0,"comment_status":"closed","ping_status":"closed","template":"","meta":{"_kad_post_transparent":"","_kad_post_title":"","_kad_post_layout":"","_kad_post_sidebar_id":"","_kad_post_content_style":"","_kad_post_vertical_padding":"","_kad_post_feature":"","_kad_post_feature_position":"","_kad_post_header":false,"_kad_post_footer":false,"_kad_post_classname":"","footnotes":""},"class_list":["post-144","page","type-page","status-publish","hentry"],"yoast_head":"<!-- This site is optimized with the Yoast SEO plugin v20.6 - https:\/\/yoast.com\/wordpress\/plugins\/seo\/ -->\n<title>Om \/ Kontakt - Artster<\/title>\n<meta name=\"description\" content=\"Artster \u00e4r en konststudio baserad i Stockholm, grundad av Linda Ramstedt 2021. Id\u00e9n \u00e4r att erbjuda en kurerad kollektion d\u00e4r kunden har m\u00f6jlighet att b\u00e5de k\u00f6pa h\u00f6gkvalitativa posters och originalverk med ett tydligt DNA.\" \/>\n<meta name=\"robots\" content=\"index, follow, max-snippet:-1, max-image-preview:large, max-video-preview:-1\" \/>\n<link rel=\"canonical\" href=\"https:\/\/artsterstudios.com\/en\/om-kontakt\/\" \/>\n<meta property=\"og:locale\" content=\"en_GB\" \/>\n<meta property=\"og:type\" content=\"article\" \/>\n<meta property=\"og:title\" content=\"Om \/ Kontakt - Artster\" \/>\n<meta property=\"og:description\" content=\"Artster \u00e4r en konststudio baserad i Stockholm, grundad av Linda Ramstedt 2021. Id\u00e9n \u00e4r att erbjuda en kurerad kollektion d\u00e4r kunden har m\u00f6jlighet att b\u00e5de k\u00f6pa h\u00f6gkvalitativa posters och originalverk med ett tydligt DNA.\" \/>\n<meta property=\"og:url\" content=\"https:\/\/artsterstudios.com\/en\/om-kontakt\/\" \/>\n<meta property=\"og:site_name\" content=\"Artster\" \/>\n<meta property=\"article:modified_time\" content=\"2022-08-08T21:44:16+00:00\" \/>\n<meta name=\"twitter:card\" content=\"summary_large_image\" \/>\n<meta name=\"twitter:label1\" content=\"Estimated reading time\" \/>\n\t<meta name=\"twitter:data1\" content=\"1 minute\" \/>\n<script type=\"application\/ld+json\" class=\"yoast-schema-graph\">{\"@context\":\"https:\/\/schema.org\",\"@graph\":[{\"@type\":\"WebPage\",\"@id\":\"https:\/\/artsterstudios.com\/om-kontakt\/\",\"url\":\"https:\/\/artsterstudios.com\/om-kontakt\/\",\"name\":\"Om \/ Kontakt - Artster\",\"isPartOf\":{\"@id\":\"https:\/\/artsterstudios.com\/#website\"},\"datePublished\":\"2019-12-26T16:59:15+00:00\",\"dateModified\":\"2022-08-08T21:44:16+00:00\",\"description\":\"Artster \u00e4r en konststudio baserad i Stockholm, grundad av Linda Ramstedt 2021. Id\u00e9n \u00e4r att erbjuda en kurerad kollektion d\u00e4r kunden har m\u00f6jlighet att b\u00e5de k\u00f6pa h\u00f6gkvalitativa posters och originalverk med ett tydligt DNA.\",\"breadcrumb\":{\"@id\":\"https:\/\/artsterstudios.com\/om-kontakt\/#breadcrumb\"},\"inLanguage\":\"en-GB\",\"potentialAction\":[{\"@type\":\"ReadAction\",\"target\":[\"https:\/\/artsterstudios.com\/om-kontakt\/\"]}]},{\"@type\":\"BreadcrumbList\",\"@id\":\"https:\/\/artsterstudios.com\/om-kontakt\/#breadcrumb\",\"itemListElement\":[{\"@type\":\"ListItem\",\"position\":1,\"name\":\"d\u00e4r konst m\u00f6ter vardag.\",\"item\":\"https:\/\/artsterstudios.com\/\"},{\"@type\":\"ListItem\",\"position\":2,\"name\":\"Om \/ Kontakt\"}]},{\"@type\":\"WebSite\",\"@id\":\"https:\/\/artsterstudios.com\/#website\",\"url\":\"https:\/\/artsterstudios.com\/\",\"name\":\"Artster\",\"description\":\"Originalverk, fotokonst, posters och objekt\",\"publisher\":{\"@id\":\"https:\/\/artsterstudios.com\/#organization\"},\"potentialAction\":[{\"@type\":\"SearchAction\",\"target\":{\"@type\":\"EntryPoint\",\"urlTemplate\":\"https:\/\/artsterstudios.com\/?s={search_term_string}\"},\"query-input\":\"required name=search_term_string\"}],\"inLanguage\":\"en-GB\"},{\"@type\":\"Organization\",\"@id\":\"https:\/\/artsterstudios.com\/#organization\",\"name\":\"ARTSTER\",\"url\":\"https:\/\/artsterstudios.com\/\",\"logo\":{\"@type\":\"ImageObject\",\"inLanguage\":\"en-GB\",\"@id\":\"https:\/\/artsterstudios.com\/#\/schema\/logo\/image\/\",\"url\":\"https:\/\/artsterstudios.com\/wp-content\/uploads\/2022\/02\/LOGO-ARTSTER.png\",\"contentUrl\":\"https:\/\/artsterstudios.com\/wp-content\/uploads\/2022\/02\/LOGO-ARTSTER.png\",\"width\":426,\"height\":351,\"caption\":\"ARTSTER\"},\"image\":{\"@id\":\"https:\/\/artsterstudios.com\/#\/schema\/logo\/image\/\"},\"sameAs\":[\"https:\/\/www.instagram.com\/artster_studios\/\"]}]}<\/script>\n<!-- \/ Yoast SEO plugin. -->","yoast_head_json":{"title":"Om \/ Kontakt - Artster","description":"Artster \u00e4r en konststudio baserad i Stockholm, grundad av Linda Ramstedt 2021. Id\u00e9n \u00e4r att erbjuda en kurerad kollektion d\u00e4r kunden har m\u00f6jlighet att b\u00e5de k\u00f6pa h\u00f6gkvalitativa posters och originalverk med ett tydligt DNA.","robots":{"index":"index","follow":"follow","max-snippet":"max-snippet:-1","max-image-preview":"max-image-preview:large","max-video-preview":"max-video-preview:-1"},"canonical":"https:\/\/artsterstudios.com\/en\/om-kontakt\/","og_locale":"en_GB","og_type":"article","og_title":"Om \/ Kontakt - Artster","og_description":"Artster \u00e4r en konststudio baserad i Stockholm, grundad av Linda Ramstedt 2021. Id\u00e9n \u00e4r att erbjuda en kurerad kollektion d\u00e4r kunden har m\u00f6jlighet att b\u00e5de k\u00f6pa h\u00f6gkvalitativa posters och originalverk med ett tydligt DNA.","og_url":"https:\/\/artsterstudios.com\/en\/om-kontakt\/","og_site_name":"Artster","article_modified_time":"2022-08-08T21:44:16+00:00","twitter_card":"summary_large_image","twitter_misc":{"Estimated reading time":"1 minute"},"schema":{"@context":"https:\/\/schema.org","@graph":[{"@type":"WebPage","@id":"https:\/\/artsterstudios.com\/om-kontakt\/","url":"https:\/\/artsterstudios.com\/om-kontakt\/","name":"Om \/ Kontakt - Artster","isPartOf":{"@id":"https:\/\/artsterstudios.com\/#website"},"datePublished":"2019-12-26T16:59:15+00:00","dateModified":"2022-08-08T21:44:16+00:00","description":"Artster \u00e4r en konststudio baserad i Stockholm, grundad av Linda Ramstedt 2021. Id\u00e9n \u00e4r att erbjuda en kurerad kollektion d\u00e4r kunden har m\u00f6jlighet att b\u00e5de k\u00f6pa h\u00f6gkvalitativa posters och originalverk med ett tydligt DNA.","breadcrumb":{"@id":"https:\/\/artsterstudios.com\/om-kontakt\/#breadcrumb"},"inLanguage":"en-GB","potentialAction":[{"@type":"ReadAction","target":["https:\/\/artsterstudios.com\/om-kontakt\/"]}]},{"@type":"BreadcrumbList","@id":"https:\/\/artsterstudios.com\/om-kontakt\/#breadcrumb","itemListElement":[{"@type":"ListItem","position":1,"name":"d\u00e4r konst m\u00f6ter vardag.","item":"https:\/\/artsterstudios.com\/"},{"@type":"ListItem","position":2,"name":"Om \/ Kontakt"}]},{"@type":"WebSite","@id":"https:\/\/artsterstudios.com\/#website","url":"https:\/\/artsterstudios.com\/","name":"artsterstudiosstockholm@gmail.com","description":"Originalverk, fotokonst, posters och objekt","publisher":{"@id":"https:\/\/artsterstudios.com\/#organization"},"potentialAction":[{"@type":"SearchAction","target":{"@type":"EntryPoint","urlTemplate":"https:\/\/artsterstudios.com\/?s={search_term_string}"},"query-input":"required name=search_term_string"}],"inLanguage":"en-GB"},{"@type":"Organization","@id":"https:\/\/artsterstudios.com\/#organization","name":"ARTSTER","url":"https:\/\/artsterstudios.com\/","logo":{"@type":"ImageObject","inLanguage":"en-GB","@id":"https:\/\/artsterstudios.com\/#\/schema\/logo\/image\/","url":"https:\/\/artsterstudios.com\/wp-content\/uploads\/2022\/02\/LOGO-ARTSTER.png","contentUrl":"https:\/\/artsterstudios.com\/wp-content\/uploads\/2022\/02\/LOGO-ARTSTER.png","width":426,"height":351,"caption":"ARTSTER"},"image":{"@id":"https:\/\/artsterstudios.com\/#\/schema\/logo\/image\/"},"sameAs":["https:\/\/www.instagram.com\/artster_studios\/"]}]}},"_links":{"self":[{"href":"https:\/\/artsterstudios.com\/en\/wp-json\/wp\/v2\/pages\/144","targetHints":{"allow":["GET"]}}],"collection":[{"href":"https:\/\/artsterstudios.com\/en\/wp-json\/wp\/v2\/pages"}],"about":[{"href":"https:\/\/artsterstudios.com\/en\/wp-json\/wp\/v2\/types\/page"}],"author":[{"embeddable":true,"href":"https:\/\/artsterstudios.com\/en\/wp-json\/wp\/v2\/users\/1"}],"replies":[{"embeddable":true,"href":"https:\/\/artsterstudios.com\/en\/wp-json\/wp\/v2\/comments?post=144"}],"version-history":[{"count":30,"href":"https:\/\/artsterstudios.com\/en\/wp-json\/wp\/v2\/pages\/144\/revisions"}],"predecessor-version":[{"id":1829,"href":"https:\/\/artsterstudios.com\/en\/wp-json\/wp\/v2\/pages\/144\/revisions\/1829"}],"wp:attachment":[{"href":"https:\/\/artsterstudios.com\/en\/wp-json\/wp\/v2\/media?parent=144"}],"curies":[{"name":"wp","href":"https:\/\/api.w.org\/{rel}","templated":true}]}}